{"id":3467,"date":"2021-10-27T12:19:32","date_gmt":"2021-10-27T12:19:32","guid":{"rendered":"https:\/\/tim-as.ba\/?page_id=3467"},"modified":"2021-11-06T21:46:13","modified_gmt":"2021-11-06T21:46:13","slug":"ferobeton","status":"publish","type":"page","link":"https:\/\/tim-as.ba\/index.php\/services\/ferobeton\/","title":{"rendered":"Feobeton"},"content":{"rendered":"<p>[vc_row][vc_column width=&#8221;1\/3&#8221;][vc_single_image image=&#8221;3506&#8221; img_size=&#8221;380&#215;270&#8221; css_animation=&#8221;left-to-right&#8221;][\/vc_column][vc_column width=&#8221;1\/3&#8221;][vc_single_image image=&#8221;3504&#8221; img_size=&#8221;380&#215;270&#8221; css_animation=&#8221;appear&#8221;][\/vc_column][vc_column width=&#8221;1\/3&#8221;][vc_single_image image=&#8221;3505&#8221; img_size=&#8221;380&#215;270&#8221; css_animation=&#8221;right-to-left&#8221;][\/vc_column][\/vc_row][vc_row][vc_column width=&#8221;2\/3&#8221;][vc_custom_heading text=&#8221;&#8221;][vc_empty_space][vc_column_text css=&#8221;.vc_custom_1635361175980{padding-right: 40px !important;padding-left: 40px !important;}&#8221;]Ferobeton je namjenjen za izradu srednje optere\u0107enih unutarnjih i vanjskih povr\u0161ina. Zbog mogu\u0107nosti izbora boje ima i estetsku vrijednost. Ferobeton se sastoji iz mje\u0161avine portland cementa, kvarca, aditiva i oksidnih boja. Betonske povr\u0161ine oplemenjene ferobetonom su:<\/p>\n<ul>\n<li>otporne na mehani\u010dke udare i tro\u0161enje<\/li>\n<li>vodootpome i otporne na atmosferilije (mraz)<\/li>\n<li>ne gore i ne korodiraju<\/li>\n<li>otporne na naftne derivate i ma\u0161insko ulje<\/li>\n<li>protivklizne<\/li>\n<\/ul>\n<p>[\/vc_column_text][\/vc_column][vc_column width=&#8221;1\/3&#8221;][vc_column_text]<\/p>\n<h3>Pogledajte jo\u0161:<\/h3>\n<p>&nbsp;<\/p>\n<ul>\n<li><a href=\"https:\/\/tim-as.ba\/index.php\/services\/estrih\/\">Estrih<\/a><\/li>\n<li><a href=\"https:\/\/tim-as.ba\/index.php\/services\/masinsko-malterisanje\/\">Ma\u0161\u0161insko malterisanje<\/a><\/li>\n<li><a href=\"https:\/\/tim-as.ba\/index.php\/services\/epoksidne-smole\/\">Epoksidne smole<\/a><\/li>\n<\/ul>\n<p>[\/vc_column_text][\/vc_column][\/vc_row][vc_row full_width=&#8221;stretch_row&#8221; el_class=&#8221;be-a-piece-of-us middle&#8221; css=&#8221;.vc_custom_1439191711650{margin-bottom: 0px !important;padding-top: 65px !important;padding-bottom: 68px !important;background-color: #eeeeee !important;}&#8221;][vc_column width=&#8221;1\/12&#8221; el_class=&#8221;center&#8221;][thememove_icon icon_fontawesome=&#8221;fa fa-users&#8221; font_size=&#8221;26&#8221; font_color=&#8221;#111111&#8221;][\/vc_column][vc_column width=&#8221;2\/3&#8221; el_class=&#8221;center-xs start-sm&#8221;][vc_custom_heading text=&#8221;Ako \u017eelite biti \u010dlan na\u0161eg kolektiva ?&#8221; font_container=&#8221;tag:h2|font_size:32|text_align:left|color:%231d2736&#8221;][vc_column_text]Prijavite se i po\u0161aljite va\u0161u biografiju.[\/vc_column_text][\/vc_column][vc_column width=&#8221;1\/4&#8221; el_class=&#8221;center&#8221;][thememove_button text=&#8221;PRIJAVI SE&#8221; link=&#8221;url:https%3A%2F%2Ftim-as.ba%2Findex.php%2Fcontact-2%2F&#8221;][\/vc_column][\/vc_row]<\/p>\n","protected":false},"excerpt":{"rendered":"<p>[vc_row][vc_column width=&#8221;1\/3&#8221;][vc_single_image image=&#8221;3506&#8221; img_size=&#8221;380&#215;270&#8221; css_animation=&#8221;left-to-right&#8221;][\/vc_column][vc_column width=&#8221;1\/3&#8221;][vc_single_image image=&#8221;3504&#8221; img_size=&#8221;380&#215;270&#8221; css_animation=&#8221;appear&#8221;][\/vc_column][vc_column width=&#8221;1\/3&#8221;][vc_single_image image=&#8221;3505&#8221; img_size=&#8221;380&#215;270&#8221; css_animation=&#8221;right-to-left&#8221;][\/vc_column][\/vc_row][vc_row][vc_column width=&#8221;2\/3&#8221;][vc_custom_heading text=&#8221;&#8221;][vc_empty_space][vc_column_text css=&#8221;.vc_custom_1635361175980{padding-right: 40px !important;padding-left: 40px !important;}&#8221;]Ferobeton je namjenjen za izradu srednje optere\u0107enih unutarnjih i vanjskih povr\u0161ina. Zbog mogu\u0107nosti izbora boje ima i estetsku vrijednost. Ferobeton se sastoji iz mje\u0161avine portland cementa, kvarca, aditiva i oksidnih boja. Betonske povr\u0161ine oplemenjene ferobetonom su: [&hellip;]<\/p>\n","protected":false},"author":1,"featured_media":0,"parent":3206,"menu_order":0,"comment_status":"open","ping_status":"closed","template":"","meta":{"footnotes":""},"class_list":["post-3467","page","type-page","status-publish","hentry"],"yoast_head":"<!-- This site is optimized with the Yoast SEO plugin v17.4 - https:\/\/yoast.com\/wordpress\/plugins\/seo\/ -->\n<title>Feobeton - TIM-AS<\/title>\n<meta name=\"robots\" content=\"index, follow, max-snippet:-1, max-image-preview:large, max-video-preview:-1\" \/>\n<link rel=\"canonical\" href=\"https:\/\/tim-as.ba\/index.php\/services\/ferobeton\/\" \/>\n<meta property=\"og:locale\" content=\"bs_BA\" \/>\n<meta property=\"og:type\" content=\"article\" \/>\n<meta property=\"og:title\" content=\"Feobeton - TIM-AS\" \/>\n<meta property=\"og:description\" content=\"[vc_row][vc_column width=&#8221;1\/3&#8221;][vc_single_image image=&#8221;3506&#8221; img_size=&#8221;380&#215;270&#8221; css_animation=&#8221;left-to-right&#8221;][\/vc_column][vc_column width=&#8221;1\/3&#8221;][vc_single_image image=&#8221;3504&#8221; img_size=&#8221;380&#215;270&#8221; css_animation=&#8221;appear&#8221;][\/vc_column][vc_column width=&#8221;1\/3&#8221;][vc_single_image image=&#8221;3505&#8221; img_size=&#8221;380&#215;270&#8221; css_animation=&#8221;right-to-left&#8221;][\/vc_column][\/vc_row][vc_row][vc_column width=&#8221;2\/3&#8221;][vc_custom_heading text=&#8221;&#8221;][vc_empty_space][vc_column_text css=&#8221;.vc_custom_1635361175980{padding-right: 40px !important;padding-left: 40px !important;}&#8221;]Ferobeton je namjenjen za izradu srednje optere\u0107enih unutarnjih i vanjskih povr\u0161ina. Zbog mogu\u0107nosti izbora boje ima i estetsku vrijednost. Ferobeton se sastoji iz mje\u0161avine portland cementa, kvarca, aditiva i oksidnih boja. Betonske povr\u0161ine oplemenjene ferobetonom su: [&hellip;]\" \/>\n<meta property=\"og:url\" content=\"https:\/\/tim-as.ba\/index.php\/services\/ferobeton\/\" \/>\n<meta property=\"og:site_name\" content=\"TIM-AS\" \/>\n<meta property=\"article:publisher\" content=\"https:\/\/www.facebook.com\/TimAsSarajevo\" \/>\n<meta property=\"article:modified_time\" content=\"2021-11-06T21:46:13+00:00\" \/>\n<meta name=\"twitter:card\" content=\"summary_large_image\" \/>\n<meta name=\"twitter:label1\" content=\"Est. reading time\" \/>\n\t<meta name=\"twitter:data1\" content=\"1 minuta\" \/>\n<script type=\"application\/ld+json\" class=\"yoast-schema-graph\">{\"@context\":\"https:\/\/schema.org\",\"@graph\":[{\"@type\":\"Organization\",\"@id\":\"https:\/\/tim-as.ba\/#organization\",\"name\":\"Tim-AS d.o.o. Sarajevo\",\"url\":\"https:\/\/tim-as.ba\/\",\"sameAs\":[\"https:\/\/www.facebook.com\/TimAsSarajevo\",\"https:\/\/www.instagram.com\/timas_sarajevo\/\"],\"logo\":{\"@type\":\"ImageObject\",\"@id\":\"https:\/\/tim-as.ba\/#logo\",\"inLanguage\":\"bs-BA\",\"url\":\"https:\/\/tim-as.ba\/wp-content\/uploads\/2021\/11\/Logo-Tima-AS-crni.png\",\"contentUrl\":\"https:\/\/tim-as.ba\/wp-content\/uploads\/2021\/11\/Logo-Tima-AS-crni.png\",\"width\":1959,\"height\":551,\"caption\":\"Tim-AS d.o.o. Sarajevo\"},\"image\":{\"@id\":\"https:\/\/tim-as.ba\/#logo\"}},{\"@type\":\"WebSite\",\"@id\":\"https:\/\/tim-as.ba\/#website\",\"url\":\"https:\/\/tim-as.ba\/\",\"name\":\"TIM-AS\",\"description\":\"Estrih, ma\\u0161insko malterisanje, ferobeton podovi i epoksnidne smole\",\"publisher\":{\"@id\":\"https:\/\/tim-as.ba\/#organization\"},\"potentialAction\":[{\"@type\":\"SearchAction\",\"target\":{\"@type\":\"EntryPoint\",\"urlTemplate\":\"https:\/\/tim-as.ba\/?s={search_term_string}\"},\"query-input\":\"required name=search_term_string\"}],\"inLanguage\":\"bs-BA\"},{\"@type\":\"WebPage\",\"@id\":\"https:\/\/tim-as.ba\/index.php\/services\/ferobeton\/#webpage\",\"url\":\"https:\/\/tim-as.ba\/index.php\/services\/ferobeton\/\",\"name\":\"Feobeton - TIM-AS\",\"isPartOf\":{\"@id\":\"https:\/\/tim-as.ba\/#website\"},\"datePublished\":\"2021-10-27T12:19:32+00:00\",\"dateModified\":\"2021-11-06T21:46:13+00:00\",\"breadcrumb\":{\"@id\":\"https:\/\/tim-as.ba\/index.php\/services\/ferobeton\/#breadcrumb\"},\"inLanguage\":\"bs-BA\",\"potentialAction\":[{\"@type\":\"ReadAction\",\"target\":[\"https:\/\/tim-as.ba\/index.php\/services\/ferobeton\/\"]}]},{\"@type\":\"BreadcrumbList\",\"@id\":\"https:\/\/tim-as.ba\/index.php\/services\/ferobeton\/#breadcrumb\",\"itemListElement\":[{\"@type\":\"ListItem\",\"position\":1,\"name\":\"Home\",\"item\":\"https:\/\/tim-as.ba\/\"},{\"@type\":\"ListItem\",\"position\":2,\"name\":\"Our Services\",\"item\":\"https:\/\/tim-as.ba\/index.php\/services\/\"},{\"@type\":\"ListItem\",\"position\":3,\"name\":\"Feobeton\"}]}]}<\/script>\n<!-- \/ Yoast SEO plugin. -->","yoast_head_json":{"title":"Feobeton - TIM-AS","robots":{"index":"index","follow":"follow","max-snippet":"max-snippet:-1","max-image-preview":"max-image-preview:large","max-video-preview":"max-video-preview:-1"},"canonical":"https:\/\/tim-as.ba\/index.php\/services\/ferobeton\/","og_locale":"bs_BA","og_type":"article","og_title":"Feobeton - TIM-AS","og_description":"[vc_row][vc_column width=&#8221;1\/3&#8221;][vc_single_image image=&#8221;3506&#8221; img_size=&#8221;380&#215;270&#8221; css_animation=&#8221;left-to-right&#8221;][\/vc_column][vc_column width=&#8221;1\/3&#8221;][vc_single_image image=&#8221;3504&#8221; img_size=&#8221;380&#215;270&#8221; css_animation=&#8221;appear&#8221;][\/vc_column][vc_column width=&#8221;1\/3&#8221;][vc_single_image image=&#8221;3505&#8221; img_size=&#8221;380&#215;270&#8221; css_animation=&#8221;right-to-left&#8221;][\/vc_column][\/vc_row][vc_row][vc_column width=&#8221;2\/3&#8221;][vc_custom_heading text=&#8221;&#8221;][vc_empty_space][vc_column_text css=&#8221;.vc_custom_1635361175980{padding-right: 40px !important;padding-left: 40px !important;}&#8221;]Ferobeton je namjenjen za izradu srednje optere\u0107enih unutarnjih i vanjskih povr\u0161ina. Zbog mogu\u0107nosti izbora boje ima i estetsku vrijednost. Ferobeton se sastoji iz mje\u0161avine portland cementa, kvarca, aditiva i oksidnih boja. Betonske povr\u0161ine oplemenjene ferobetonom su: [&hellip;]","og_url":"https:\/\/tim-as.ba\/index.php\/services\/ferobeton\/","og_site_name":"TIM-AS","article_publisher":"https:\/\/www.facebook.com\/TimAsSarajevo","article_modified_time":"2021-11-06T21:46:13+00:00","twitter_card":"summary_large_image","twitter_misc":{"Est. reading time":"1 minuta"},"schema":{"@context":"https:\/\/schema.org","@graph":[{"@type":"Organization","@id":"https:\/\/tim-as.ba\/#organization","name":"Tim-AS d.o.o. Sarajevo","url":"https:\/\/tim-as.ba\/","sameAs":["https:\/\/www.facebook.com\/TimAsSarajevo","https:\/\/www.instagram.com\/timas_sarajevo\/"],"logo":{"@type":"ImageObject","@id":"https:\/\/tim-as.ba\/#logo","inLanguage":"bs-BA","url":"https:\/\/tim-as.ba\/wp-content\/uploads\/2021\/11\/Logo-Tima-AS-crni.png","contentUrl":"https:\/\/tim-as.ba\/wp-content\/uploads\/2021\/11\/Logo-Tima-AS-crni.png","width":1959,"height":551,"caption":"Tim-AS d.o.o. Sarajevo"},"image":{"@id":"https:\/\/tim-as.ba\/#logo"}},{"@type":"WebSite","@id":"https:\/\/tim-as.ba\/#website","url":"https:\/\/tim-as.ba\/","name":"TIM-AS","description":"Estrih, ma\u0161insko malterisanje, ferobeton podovi i epoksnidne smole","publisher":{"@id":"https:\/\/tim-as.ba\/#organization"},"potentialAction":[{"@type":"SearchAction","target":{"@type":"EntryPoint","urlTemplate":"https:\/\/tim-as.ba\/?s={search_term_string}"},"query-input":"required name=search_term_string"}],"inLanguage":"bs-BA"},{"@type":"WebPage","@id":"https:\/\/tim-as.ba\/index.php\/services\/ferobeton\/#webpage","url":"https:\/\/tim-as.ba\/index.php\/services\/ferobeton\/","name":"Feobeton - TIM-AS","isPartOf":{"@id":"https:\/\/tim-as.ba\/#website"},"datePublished":"2021-10-27T12:19:32+00:00","dateModified":"2021-11-06T21:46:13+00:00","breadcrumb":{"@id":"https:\/\/tim-as.ba\/index.php\/services\/ferobeton\/#breadcrumb"},"inLanguage":"bs-BA","potentialAction":[{"@type":"ReadAction","target":["https:\/\/tim-as.ba\/index.php\/services\/ferobeton\/"]}]},{"@type":"BreadcrumbList","@id":"https:\/\/tim-as.ba\/index.php\/services\/ferobeton\/#breadcrumb","itemListElement":[{"@type":"ListItem","position":1,"name":"Home","item":"https:\/\/tim-as.ba\/"},{"@type":"ListItem","position":2,"name":"Our Services","item":"https:\/\/tim-as.ba\/index.php\/services\/"},{"@type":"ListItem","position":3,"name":"Feobeton"}]}]}},"_links":{"self":[{"href":"https:\/\/tim-as.ba\/index.php\/wp-json\/wp\/v2\/pages\/3467","targetHints":{"allow":["GET"]}}],"collection":[{"href":"https:\/\/tim-as.ba\/index.php\/wp-json\/wp\/v2\/pages"}],"about":[{"href":"https:\/\/tim-as.ba\/index.php\/wp-json\/wp\/v2\/types\/page"}],"author":[{"embeddable":true,"href":"https:\/\/tim-as.ba\/index.php\/wp-json\/wp\/v2\/users\/1"}],"replies":[{"embeddable":true,"href":"https:\/\/tim-as.ba\/index.php\/wp-json\/wp\/v2\/comments?post=3467"}],"version-history":[{"count":9,"href":"https:\/\/tim-as.ba\/index.php\/wp-json\/wp\/v2\/pages\/3467\/revisions"}],"predecessor-version":[{"id":3666,"href":"https:\/\/tim-as.ba\/index.php\/wp-json\/wp\/v2\/pages\/3467\/revisions\/3666"}],"up":[{"embeddable":true,"href":"https:\/\/tim-as.ba\/index.php\/wp-json\/wp\/v2\/pages\/3206"}],"wp:attachment":[{"href":"https:\/\/tim-as.ba\/index.php\/wp-json\/wp\/v2\/media?parent=3467"}],"curies":[{"name":"wp","href":"https:\/\/api.w.org\/{rel}","templated":true}]}}