{"id":1799,"date":"2015-09-30T02:21:31","date_gmt":"2015-09-30T02:21:31","guid":{"rendered":"https:\/\/renovation.thememove.com\/?page_id=1799"},"modified":"2021-10-29T12:54:32","modified_gmt":"2021-10-29T12:54:32","slug":"our-team","status":"publish","type":"page","link":"https:\/\/tim-as.ba\/index.php\/o-nama\/our-team\/","title":{"rendered":"Na\u0161 tim"},"content":{"rendered":"<p>[vc_row css=&#8221;.vc_custom_1443583517462{margin-bottom: 60px !important;border-bottom-width: 4px !important;border-bottom-color: #fbd232 !important;border-bottom-style: solid !important;}&#8221; el_class=&#8221;introducing-our-team&#8221;][vc_column][vc_custom_heading text=&#8221;Na\u0161a vrijedna ekipa&#8221; font_container=&#8221;tag:h2|font_size:24|text_align:center|color:%23111111|line_height:1.2&#8221;][vc_column_text css=&#8221;.vc_custom_1635423779399{padding-top: 90px !important;}&#8221;]<img loading=\"lazy\" decoding=\"async\" class=\"alignnone wp-image-3608 size-full\" src=\"https:\/\/tim-as.ba\/wp-content\/uploads\/2021\/10\/raja.jpg\" alt=\"\" width=\"1170\" height=\"435\" srcset=\"https:\/\/tim-as.ba\/wp-content\/uploads\/2021\/10\/raja.jpg 1170w, https:\/\/tim-as.ba\/wp-content\/uploads\/2021\/10\/raja-300x112.jpg 300w, https:\/\/tim-as.ba\/wp-content\/uploads\/2021\/10\/raja-1024x381.jpg 1024w, https:\/\/tim-as.ba\/wp-content\/uploads\/2021\/10\/raja-768x286.jpg 768w, https:\/\/tim-as.ba\/wp-content\/uploads\/2021\/10\/raja-600x223.jpg 600w\" sizes=\"auto, (max-width: 1170px) 100vw, 1170px\" \/>[\/vc_column_text][\/vc_column][\/vc_row][vc_row css=&#8221;.vc_custom_1443584497873{margin-bottom: 50px !important;}&#8221;][vc_column][vc_custom_heading text=&#8221;Iza nas je 20 uspje\u0161nih godina&#8221; font_container=&#8221;tag:h2|font_size:36|text_align:center|color:%23111111|line_height:1.2&#8221;][vc_custom_heading text=&#8221;u zavr\u0161nim radovima u gra\u0111evinarstvu&#8221; font_container=&#8221;tag:h2|font_size:36|text_align:center|color:%23fbd232|line_height:1.2&#8221; css=&#8221;.vc_custom_1635345128175{margin-bottom: 30px !important;}&#8221;][vc_row_inner][vc_column_inner width=&#8221;1\/12&#8221; offset=&#8221;vc_hidden-xs&#8221;][\/vc_column_inner][vc_column_inner width=&#8221;5\/6&#8221; offset=&#8221;vc_col-xs-12&#8221;][vc_column_text]<\/p>\n<p style=\"text-align: center;\">Pridru\u017eite nam se .<\/p>\n<p>[\/vc_column_text][\/vc_column_inner][vc_column_inner width=&#8221;1\/12&#8221; offset=&#8221;vc_hidden-xs&#8221;][\/vc_column_inner][\/vc_row_inner][\/vc_column][\/vc_row][vc_row full_width=&#8221;stretch_row&#8221; el_class=&#8221;be-a-piece-of-us middle&#8221; css=&#8221;.vc_custom_1439191711650{margin-bottom: 0px !important;padding-top: 65px !important;padding-bottom: 68px !important;background-color: #eeeeee !important;}&#8221;][vc_column width=&#8221;1\/12&#8221; el_class=&#8221;center&#8221;][thememove_icon icon_fontawesome=&#8221;fa fa-users&#8221; font_size=&#8221;26&#8221; font_color=&#8221;#111111&#8221;][\/vc_column][vc_column width=&#8221;2\/3&#8221; el_class=&#8221;center-xs start-sm&#8221;][vc_custom_heading text=&#8221;Ako \u017eelite biti \u010dlan na\u0161eg kolektiva ?&#8221; font_container=&#8221;tag:h2|font_size:32|text_align:left|color:%231d2736&#8221;][vc_column_text]Prijavite se i po\u0161aljite va\u0161u biografiju.[\/vc_column_text][\/vc_column][vc_column width=&#8221;1\/4&#8221; el_class=&#8221;center&#8221;][thememove_button text=&#8221;PRIJAVITE SE&#8221; link=&#8221;url:https%3A%2F%2Ftim-as.ba%2Findex.php%2Fcontact-2%2F&#8221;][\/vc_column][\/vc_row]<\/p>\n","protected":false},"excerpt":{"rendered":"<p>[vc_row css=&#8221;.vc_custom_1443583517462{margin-bottom: 60px !important;border-bottom-width: 4px !important;border-bottom-color: #fbd232 !important;border-bottom-style: solid !important;}&#8221; el_class=&#8221;introducing-our-team&#8221;][vc_column][vc_custom_heading text=&#8221;Na\u0161a vrijedna ekipa&#8221; font_container=&#8221;tag:h2|font_size:24|text_align:center|color:%23111111|line_height:1.2&#8221;][vc_column_text css=&#8221;.vc_custom_1635423779399{padding-top: 90px !important;}&#8221;][\/vc_column_text][\/vc_column][\/vc_row][vc_row css=&#8221;.vc_custom_1443584497873{margin-bottom: 50px !important;}&#8221;][vc_column][vc_custom_heading text=&#8221;Iza nas je 20 uspje\u0161nih godina&#8221; font_container=&#8221;tag:h2|font_size:36|text_align:center|color:%23111111|line_height:1.2&#8221;][vc_custom_heading text=&#8221;u zavr\u0161nim radovima u gra\u0111evinarstvu&#8221; font_container=&#8221;tag:h2|font_size:36|text_align:center|color:%23fbd232|line_height:1.2&#8221; css=&#8221;.vc_custom_1635345128175{margin-bottom: 30px !important;}&#8221;][vc_row_inner][vc_column_inner width=&#8221;1\/12&#8221; offset=&#8221;vc_hidden-xs&#8221;][\/vc_column_inner][vc_column_inner width=&#8221;5\/6&#8221; offset=&#8221;vc_col-xs-12&#8221;][vc_column_text] Pridru\u017eite nam se . [\/vc_column_text][\/vc_column_inner][vc_column_inner width=&#8221;1\/12&#8221; offset=&#8221;vc_hidden-xs&#8221;][\/vc_column_inner][\/vc_row_inner][\/vc_column][\/vc_row][vc_row full_width=&#8221;stretch_row&#8221; el_class=&#8221;be-a-piece-of-us middle&#8221; css=&#8221;.vc_custom_1439191711650{margin-bottom: 0px !important;padding-top: 65px [&hellip;]<\/p>\n","protected":false},"author":1,"featured_media":0,"parent":1376,"menu_order":0,"comment_status":"open","ping_status":"closed","template":"","meta":{"footnotes":""},"class_list":["post-1799","page","type-page","status-publish","hentry"],"yoast_head":"<!-- This site is optimized with the Yoast SEO plugin v17.4 - https:\/\/yoast.com\/wordpress\/plugins\/seo\/ -->\n<title>Na\u0161 tim - TIM-AS<\/title>\n<meta name=\"robots\" content=\"index, follow, max-snippet:-1, max-image-preview:large, max-video-preview:-1\" \/>\n<link rel=\"canonical\" href=\"https:\/\/tim-as.ba\/index.php\/o-nama\/our-team\/\" \/>\n<meta property=\"og:locale\" content=\"bs_BA\" \/>\n<meta property=\"og:type\" content=\"article\" \/>\n<meta property=\"og:title\" content=\"Na\u0161 tim - TIM-AS\" \/>\n<meta property=\"og:description\" content=\"[vc_row css=&#8221;.vc_custom_1443583517462{margin-bottom: 60px !important;border-bottom-width: 4px !important;border-bottom-color: #fbd232 !important;border-bottom-style: solid !important;}&#8221; el_class=&#8221;introducing-our-team&#8221;][vc_column][vc_custom_heading text=&#8221;Na\u0161a vrijedna ekipa&#8221; font_container=&#8221;tag:h2|font_size:24|text_align:center|color:%23111111|line_height:1.2&#8221;][vc_column_text css=&#8221;.vc_custom_1635423779399{padding-top: 90px !important;}&#8221;][\/vc_column_text][\/vc_column][\/vc_row][vc_row css=&#8221;.vc_custom_1443584497873{margin-bottom: 50px !important;}&#8221;][vc_column][vc_custom_heading text=&#8221;Iza nas je 20 uspje\u0161nih godina&#8221; font_container=&#8221;tag:h2|font_size:36|text_align:center|color:%23111111|line_height:1.2&#8221;][vc_custom_heading text=&#8221;u zavr\u0161nim radovima u gra\u0111evinarstvu&#8221; font_container=&#8221;tag:h2|font_size:36|text_align:center|color:%23fbd232|line_height:1.2&#8221; css=&#8221;.vc_custom_1635345128175{margin-bottom: 30px !important;}&#8221;][vc_row_inner][vc_column_inner width=&#8221;1\/12&#8221; offset=&#8221;vc_hidden-xs&#8221;][\/vc_column_inner][vc_column_inner width=&#8221;5\/6&#8221; offset=&#8221;vc_col-xs-12&#8221;][vc_column_text] Pridru\u017eite nam se . [\/vc_column_text][\/vc_column_inner][vc_column_inner width=&#8221;1\/12&#8221; offset=&#8221;vc_hidden-xs&#8221;][\/vc_column_inner][\/vc_row_inner][\/vc_column][\/vc_row][vc_row full_width=&#8221;stretch_row&#8221; el_class=&#8221;be-a-piece-of-us middle&#8221; css=&#8221;.vc_custom_1439191711650{margin-bottom: 0px !important;padding-top: 65px [&hellip;]\" \/>\n<meta property=\"og:url\" content=\"https:\/\/tim-as.ba\/index.php\/o-nama\/our-team\/\" \/>\n<meta property=\"og:site_name\" content=\"TIM-AS\" \/>\n<meta property=\"article:publisher\" content=\"https:\/\/www.facebook.com\/TimAsSarajevo\" \/>\n<meta property=\"article:modified_time\" content=\"2021-10-29T12:54:32+00:00\" \/>\n<meta property=\"og:image\" content=\"https:\/\/tim-as.ba\/wp-content\/uploads\/2021\/10\/raja.jpg\" \/>\n<meta name=\"twitter:card\" content=\"summary_large_image\" \/>\n<meta name=\"twitter:label1\" content=\"Est. reading time\" \/>\n\t<meta name=\"twitter:data1\" content=\"1 minuta\" \/>\n<script type=\"application\/ld+json\" class=\"yoast-schema-graph\">{\"@context\":\"https:\/\/schema.org\",\"@graph\":[{\"@type\":\"Organization\",\"@id\":\"https:\/\/tim-as.ba\/#organization\",\"name\":\"Tim-AS d.o.o. Sarajevo\",\"url\":\"https:\/\/tim-as.ba\/\",\"sameAs\":[\"https:\/\/www.facebook.com\/TimAsSarajevo\",\"https:\/\/www.instagram.com\/timas_sarajevo\/\"],\"logo\":{\"@type\":\"ImageObject\",\"@id\":\"https:\/\/tim-as.ba\/#logo\",\"inLanguage\":\"bs-BA\",\"url\":\"https:\/\/tim-as.ba\/wp-content\/uploads\/2021\/11\/Logo-Tima-AS-crni.png\",\"contentUrl\":\"https:\/\/tim-as.ba\/wp-content\/uploads\/2021\/11\/Logo-Tima-AS-crni.png\",\"width\":1959,\"height\":551,\"caption\":\"Tim-AS d.o.o. Sarajevo\"},\"image\":{\"@id\":\"https:\/\/tim-as.ba\/#logo\"}},{\"@type\":\"WebSite\",\"@id\":\"https:\/\/tim-as.ba\/#website\",\"url\":\"https:\/\/tim-as.ba\/\",\"name\":\"TIM-AS\",\"description\":\"Estrih, ma\\u0161insko malterisanje, ferobeton podovi i epoksnidne smole\",\"publisher\":{\"@id\":\"https:\/\/tim-as.ba\/#organization\"},\"potentialAction\":[{\"@type\":\"SearchAction\",\"target\":{\"@type\":\"EntryPoint\",\"urlTemplate\":\"https:\/\/tim-as.ba\/?s={search_term_string}\"},\"query-input\":\"required name=search_term_string\"}],\"inLanguage\":\"bs-BA\"},{\"@type\":\"ImageObject\",\"@id\":\"https:\/\/tim-as.ba\/index.php\/o-nama\/our-team\/#primaryimage\",\"inLanguage\":\"bs-BA\",\"url\":\"https:\/\/tim-as.ba\/wp-content\/uploads\/2021\/10\/raja.jpg\",\"contentUrl\":\"https:\/\/tim-as.ba\/wp-content\/uploads\/2021\/10\/raja.jpg\",\"width\":1170,\"height\":435},{\"@type\":\"WebPage\",\"@id\":\"https:\/\/tim-as.ba\/index.php\/o-nama\/our-team\/#webpage\",\"url\":\"https:\/\/tim-as.ba\/index.php\/o-nama\/our-team\/\",\"name\":\"Na\\u0161 tim - TIM-AS\",\"isPartOf\":{\"@id\":\"https:\/\/tim-as.ba\/#website\"},\"primaryImageOfPage\":{\"@id\":\"https:\/\/tim-as.ba\/index.php\/o-nama\/our-team\/#primaryimage\"},\"datePublished\":\"2015-09-30T02:21:31+00:00\",\"dateModified\":\"2021-10-29T12:54:32+00:00\",\"breadcrumb\":{\"@id\":\"https:\/\/tim-as.ba\/index.php\/o-nama\/our-team\/#breadcrumb\"},\"inLanguage\":\"bs-BA\",\"potentialAction\":[{\"@type\":\"ReadAction\",\"target\":[\"https:\/\/tim-as.ba\/index.php\/o-nama\/our-team\/\"]}]},{\"@type\":\"BreadcrumbList\",\"@id\":\"https:\/\/tim-as.ba\/index.php\/o-nama\/our-team\/#breadcrumb\",\"itemListElement\":[{\"@type\":\"ListItem\",\"position\":1,\"name\":\"Home\",\"item\":\"https:\/\/tim-as.ba\/\"},{\"@type\":\"ListItem\",\"position\":2,\"name\":\"O nama\",\"item\":\"https:\/\/tim-as.ba\/index.php\/o-nama\/\"},{\"@type\":\"ListItem\",\"position\":3,\"name\":\"Na\\u0161 tim\"}]}]}<\/script>\n<!-- \/ Yoast SEO plugin. -->","yoast_head_json":{"title":"Na\u0161 tim - TIM-AS","robots":{"index":"index","follow":"follow","max-snippet":"max-snippet:-1","max-image-preview":"max-image-preview:large","max-video-preview":"max-video-preview:-1"},"canonical":"https:\/\/tim-as.ba\/index.php\/o-nama\/our-team\/","og_locale":"bs_BA","og_type":"article","og_title":"Na\u0161 tim - TIM-AS","og_description":"[vc_row css=&#8221;.vc_custom_1443583517462{margin-bottom: 60px !important;border-bottom-width: 4px !important;border-bottom-color: #fbd232 !important;border-bottom-style: solid !important;}&#8221; el_class=&#8221;introducing-our-team&#8221;][vc_column][vc_custom_heading text=&#8221;Na\u0161a vrijedna ekipa&#8221; font_container=&#8221;tag:h2|font_size:24|text_align:center|color:%23111111|line_height:1.2&#8221;][vc_column_text css=&#8221;.vc_custom_1635423779399{padding-top: 90px !important;}&#8221;][\/vc_column_text][\/vc_column][\/vc_row][vc_row css=&#8221;.vc_custom_1443584497873{margin-bottom: 50px !important;}&#8221;][vc_column][vc_custom_heading text=&#8221;Iza nas je 20 uspje\u0161nih godina&#8221; font_container=&#8221;tag:h2|font_size:36|text_align:center|color:%23111111|line_height:1.2&#8221;][vc_custom_heading text=&#8221;u zavr\u0161nim radovima u gra\u0111evinarstvu&#8221; font_container=&#8221;tag:h2|font_size:36|text_align:center|color:%23fbd232|line_height:1.2&#8221; css=&#8221;.vc_custom_1635345128175{margin-bottom: 30px !important;}&#8221;][vc_row_inner][vc_column_inner width=&#8221;1\/12&#8221; offset=&#8221;vc_hidden-xs&#8221;][\/vc_column_inner][vc_column_inner width=&#8221;5\/6&#8221; offset=&#8221;vc_col-xs-12&#8221;][vc_column_text] Pridru\u017eite nam se . [\/vc_column_text][\/vc_column_inner][vc_column_inner width=&#8221;1\/12&#8221; offset=&#8221;vc_hidden-xs&#8221;][\/vc_column_inner][\/vc_row_inner][\/vc_column][\/vc_row][vc_row full_width=&#8221;stretch_row&#8221; el_class=&#8221;be-a-piece-of-us middle&#8221; css=&#8221;.vc_custom_1439191711650{margin-bottom: 0px !important;padding-top: 65px [&hellip;]","og_url":"https:\/\/tim-as.ba\/index.php\/o-nama\/our-team\/","og_site_name":"TIM-AS","article_publisher":"https:\/\/www.facebook.com\/TimAsSarajevo","article_modified_time":"2021-10-29T12:54:32+00:00","og_image":[{"url":"https:\/\/tim-as.ba\/wp-content\/uploads\/2021\/10\/raja.jpg"}],"twitter_card":"summary_large_image","twitter_misc":{"Est. reading time":"1 minuta"},"schema":{"@context":"https:\/\/schema.org","@graph":[{"@type":"Organization","@id":"https:\/\/tim-as.ba\/#organization","name":"Tim-AS d.o.o. Sarajevo","url":"https:\/\/tim-as.ba\/","sameAs":["https:\/\/www.facebook.com\/TimAsSarajevo","https:\/\/www.instagram.com\/timas_sarajevo\/"],"logo":{"@type":"ImageObject","@id":"https:\/\/tim-as.ba\/#logo","inLanguage":"bs-BA","url":"https:\/\/tim-as.ba\/wp-content\/uploads\/2021\/11\/Logo-Tima-AS-crni.png","contentUrl":"https:\/\/tim-as.ba\/wp-content\/uploads\/2021\/11\/Logo-Tima-AS-crni.png","width":1959,"height":551,"caption":"Tim-AS d.o.o. Sarajevo"},"image":{"@id":"https:\/\/tim-as.ba\/#logo"}},{"@type":"WebSite","@id":"https:\/\/tim-as.ba\/#website","url":"https:\/\/tim-as.ba\/","name":"TIM-AS","description":"Estrih, ma\u0161insko malterisanje, ferobeton podovi i epoksnidne smole","publisher":{"@id":"https:\/\/tim-as.ba\/#organization"},"potentialAction":[{"@type":"SearchAction","target":{"@type":"EntryPoint","urlTemplate":"https:\/\/tim-as.ba\/?s={search_term_string}"},"query-input":"required name=search_term_string"}],"inLanguage":"bs-BA"},{"@type":"ImageObject","@id":"https:\/\/tim-as.ba\/index.php\/o-nama\/our-team\/#primaryimage","inLanguage":"bs-BA","url":"https:\/\/tim-as.ba\/wp-content\/uploads\/2021\/10\/raja.jpg","contentUrl":"https:\/\/tim-as.ba\/wp-content\/uploads\/2021\/10\/raja.jpg","width":1170,"height":435},{"@type":"WebPage","@id":"https:\/\/tim-as.ba\/index.php\/o-nama\/our-team\/#webpage","url":"https:\/\/tim-as.ba\/index.php\/o-nama\/our-team\/","name":"Na\u0161 tim - TIM-AS","isPartOf":{"@id":"https:\/\/tim-as.ba\/#website"},"primaryImageOfPage":{"@id":"https:\/\/tim-as.ba\/index.php\/o-nama\/our-team\/#primaryimage"},"datePublished":"2015-09-30T02:21:31+00:00","dateModified":"2021-10-29T12:54:32+00:00","breadcrumb":{"@id":"https:\/\/tim-as.ba\/index.php\/o-nama\/our-team\/#breadcrumb"},"inLanguage":"bs-BA","potentialAction":[{"@type":"ReadAction","target":["https:\/\/tim-as.ba\/index.php\/o-nama\/our-team\/"]}]},{"@type":"BreadcrumbList","@id":"https:\/\/tim-as.ba\/index.php\/o-nama\/our-team\/#breadcrumb","itemListElement":[{"@type":"ListItem","position":1,"name":"Home","item":"https:\/\/tim-as.ba\/"},{"@type":"ListItem","position":2,"name":"O nama","item":"https:\/\/tim-as.ba\/index.php\/o-nama\/"},{"@type":"ListItem","position":3,"name":"Na\u0161 tim"}]}]}},"_links":{"self":[{"href":"https:\/\/tim-as.ba\/index.php\/wp-json\/wp\/v2\/pages\/1799","targetHints":{"allow":["GET"]}}],"collection":[{"href":"https:\/\/tim-as.ba\/index.php\/wp-json\/wp\/v2\/pages"}],"about":[{"href":"https:\/\/tim-as.ba\/index.php\/wp-json\/wp\/v2\/types\/page"}],"author":[{"embeddable":true,"href":"https:\/\/tim-as.ba\/index.php\/wp-json\/wp\/v2\/users\/1"}],"replies":[{"embeddable":true,"href":"https:\/\/tim-as.ba\/index.php\/wp-json\/wp\/v2\/comments?post=1799"}],"version-history":[{"count":9,"href":"https:\/\/tim-as.ba\/index.php\/wp-json\/wp\/v2\/pages\/1799\/revisions"}],"predecessor-version":[{"id":3643,"href":"https:\/\/tim-as.ba\/index.php\/wp-json\/wp\/v2\/pages\/1799\/revisions\/3643"}],"up":[{"embeddable":true,"href":"https:\/\/tim-as.ba\/index.php\/wp-json\/wp\/v2\/pages\/1376"}],"wp:attachment":[{"href":"https:\/\/tim-as.ba\/index.php\/wp-json\/wp\/v2\/media?parent=1799"}],"curies":[{"name":"wp","href":"https:\/\/api.w.org\/{rel}","templated":true}]}}