{"id":1376,"date":"2015-08-12T03:27:57","date_gmt":"2015-08-12T03:27:57","guid":{"rendered":"https:\/\/renovation.thememove.com\/?page_id=1376"},"modified":"2021-10-30T21:40:33","modified_gmt":"2021-10-30T21:40:33","slug":"o-nama","status":"publish","type":"page","link":"https:\/\/tim-as.ba\/index.php\/o-nama\/","title":{"rendered":"O nama"},"content":{"rendered":"<p>[vc_row full_width=&#8221;stretch_row&#8221; parallax=&#8221;content-moving&#8221; parallax_image=&#8221;1379&#8221; el_class=&#8221;about-us-page-title&#8221; css=&#8221;.vc_custom_1439352698718{margin-bottom: 60px !important;padding-top: 200px !important;padding-bottom: 200px !important;}&#8221;][vc_column][vc_custom_heading text=&#8221;Mi nudimo profesionalne usluge&#8221; font_container=&#8221;tag:h2|font_size:60|text_align:center|color:%23ffffff&#8221; css=&#8221;.vc_custom_1635322923965{margin-bottom: 20px !important;}&#8221;][vc_custom_heading text=&#8221;UZ PRIHVATLJIV ODNOS CIJENE I KVALITETA&#8221; font_container=&#8221;tag:p|font_size:18|text_align:center|color:%23ffffff&#8221;][\/vc_column][\/vc_row][vc_row][vc_column width=&#8221;1\/2&#8221;][vc_custom_heading text=&#8221;Tim-AS d.o.o. Sarajevo&#8221; font_container=&#8221;tag:h2|font_size:36|text_align:left|color:%231d2634&#8221; el_class=&#8221;heading-title&#8221; css=&#8221;.vc_custom_1635323571563{margin-bottom: 30px !important;}&#8221;][vc_column_text css=&#8221;.vc_custom_1635323359277{margin-bottom: 20px !important;}&#8221;]<span style=\"font-family: Times New Roman, serif;\"><span style=\"font-size: large;\">Svjesni smo da je u dana\u0161nje vrijeme te\u0161ko dobiti kvalitetu po povoljnijoj cijeni, ali je tu na\u0161a kompanija TIM AS d.o.o. koja va\u0161e \u017eelje i kvalitetu izvedenih radova stavlja na prvo mjesto. <\/span><\/span><\/p>\n<p><span style=\"font-family: Times New Roman, serif;\"><span style=\"font-size: large;\">TIM AS d.o.o. Sarajevo je uspje\u0161na kompanija koja se preko 20 godina, vrlo uspje\u0161no, bavi zavr\u0161nim radovima u gra\u0111evinarstvu. Osnovana je 1997. godine. Kompanija je prepoznatljiva po dugogodi\u0161njem iskustvu i vrlo stru\u010dnom i profesionalnom timu kao i kvalitetu izvedenih radova.<\/span><\/span>[\/vc_column_text][\/vc_column][vc_column width=&#8221;1\/2&#8221;][vc_column_text]<img loading=\"lazy\" decoding=\"async\" class=\"alignnone wp-image-3427 size-full\" src=\"https:\/\/tim-as.ba\/wp-content\/uploads\/2021\/10\/Plana-i-projekat.jpg\" alt=\"\" width=\"570\" height=\"360\" srcset=\"https:\/\/tim-as.ba\/wp-content\/uploads\/2021\/10\/Plana-i-projekat.jpg 570w, https:\/\/tim-as.ba\/wp-content\/uploads\/2021\/10\/Plana-i-projekat-300x189.jpg 300w\" sizes=\"auto, (max-width: 570px) 100vw, 570px\" \/>[\/vc_column_text][\/vc_column][\/vc_row][vc_row full_width=&#8221;stretch_row&#8221; parallax=&#8221;content-moving&#8221; parallax_image=&#8221;1400&#8221; el_class=&#8221;our-features-layout2 center&#8221; css=&#8221;.vc_custom_1439360104091{padding-top: 60px !important;padding-bottom: 30px !important;}&#8221;][vc_column width=&#8221;1\/3&#8221; css=&#8221;.vc_custom_1439360282029{margin-bottom: 30px !important;}&#8221;][thememove_icon type=&#8221;pe7stroke&#8221; icon_pe7stroke=&#8221;pe-7s-tools&#8221; font_size=&#8221;80&#8221;][vc_custom_heading text=&#8221;Profesionalnost&#8221; font_container=&#8221;tag:h3|font_size:20|text_align:center|color:%23ffffff&#8221; css=&#8221;.vc_custom_1635331486627{margin-top: 5px !important;margin-bottom: 5px !important;}&#8221;][vc_column_text]<\/p>\n<p style=\"text-align: center;\">Od ideje do realizacije, od projekta do finalnog proizvoda.<\/p>\n<p>[\/vc_column_text][\/vc_column][vc_column width=&#8221;1\/3&#8221; css=&#8221;.vc_custom_1439360289713{margin-bottom: 30px !important;}&#8221;][thememove_icon type=&#8221;pe7stroke&#8221; icon_pe7stroke=&#8221;pe-7s-clock&#8221; font_size=&#8221;80&#8221;][vc_custom_heading text=&#8221;Rokovi&#8221; font_container=&#8221;tag:h3|font_size:20|text_align:center|color:%23ffffff&#8221; css=&#8221;.vc_custom_1635331605180{margin-top: 5px !important;margin-bottom: 5px !important;}&#8221;][vc_column_text]Vrijeme je novac. Mi \u0161tedimo za vas po\u0161tuju\u0107i rokove.[\/vc_column_text][\/vc_column][vc_column width=&#8221;1\/3&#8221; css=&#8221;.vc_custom_1439360299267{margin-bottom: 30px !important;}&#8221;][thememove_icon type=&#8221;pe7stroke&#8221; icon_pe7stroke=&#8221;pe-7s-cash&#8221; font_size=&#8221;80&#8221;][vc_custom_heading text=&#8221;Prihvatljive cijene&#8221; font_container=&#8221;tag:h3|font_size:20|text_align:center|color:%23ffffff&#8221; css=&#8221;.vc_custom_1635331685876{margin-top: 5px !important;margin-bottom: 5px !important;}&#8221;][vc_column_text]<\/p>\n<p style=\"text-align: center;\">Klijentima je bitna i cijena. Trudimo se da imamo prihvatljive cijene<\/p>\n<p>[\/vc_column_text][\/vc_column][\/vc_row][vc_row el_class=&#8221;heading-title-with-subtitle center&#8221; css=&#8221;.vc_custom_1439362139033{margin-top: 60px !important;}&#8221;][vc_column][vc_custom_heading text=&#8221;Na\u0161 tim&#8221; font_container=&#8221;tag:h2|font_size:36|text_align:center|color:%231d2634&#8221; el_class=&#8221;heading-title&#8221; css=&#8221;.vc_custom_1635331922705{margin-bottom: 10px !important;}&#8221;][vc_column_text]\u010dine visoko profesionalni i iskusni majstori[\/vc_column_text][\/vc_column][\/vc_row][vc_row full_width=&#8221;stretch_row&#8221; el_class=&#8221;be-a-piece-of-us middle&#8221; css=&#8221;.vc_custom_1439191711650{margin-bottom: 0px !important;padding-top: 65px !important;padding-bottom: 68px !important;background-color: #eeeeee !important;}&#8221;][vc_column width=&#8221;1\/12&#8221; el_class=&#8221;center&#8221;][thememove_icon icon_fontawesome=&#8221;fa fa-users&#8221; font_size=&#8221;26&#8221; font_color=&#8221;#111111&#8221;][\/vc_column][vc_column width=&#8221;2\/3&#8221; el_class=&#8221;center-xs start-sm&#8221;][vc_custom_heading text=&#8221;Ako \u017eelite biti \u010dlan na\u0161eg kolektiva ?&#8221; font_container=&#8221;tag:h2|font_size:32|text_align:left|color:%231d2736&#8221;][vc_column_text]Prijavite se i po\u0161aljite va\u0161u biografiju.[\/vc_column_text][\/vc_column][vc_column width=&#8221;1\/4&#8221; el_class=&#8221;center&#8221;][thememove_button text=&#8221;PRIJAVI SE&#8221; link=&#8221;url:https%3A%2F%2Ftim-as.ba%2Findex.php%2Fcontact-2%2F&#8221;][\/vc_column][\/vc_row]<\/p>\n","protected":false},"excerpt":{"rendered":"<p>[vc_row full_width=&#8221;stretch_row&#8221; parallax=&#8221;content-moving&#8221; parallax_image=&#8221;1379&#8221; el_class=&#8221;about-us-page-title&#8221; css=&#8221;.vc_custom_1439352698718{margin-bottom: 60px !important;padding-top: 200px !important;padding-bottom: 200px !important;}&#8221;][vc_column][vc_custom_heading text=&#8221;Mi nudimo profesionalne usluge&#8221; font_container=&#8221;tag:h2|font_size:60|text_align:center|color:%23ffffff&#8221; css=&#8221;.vc_custom_1635322923965{margin-bottom: 20px !important;}&#8221;][vc_custom_heading text=&#8221;UZ PRIHVATLJIV ODNOS CIJENE I KVALITETA&#8221; font_container=&#8221;tag:p|font_size:18|text_align:center|color:%23ffffff&#8221;][\/vc_column][\/vc_row][vc_row][vc_column width=&#8221;1\/2&#8221;][vc_custom_heading text=&#8221;Tim-AS d.o.o. Sarajevo&#8221; font_container=&#8221;tag:h2|font_size:36|text_align:left|color:%231d2634&#8221; el_class=&#8221;heading-title&#8221; css=&#8221;.vc_custom_1635323571563{margin-bottom: 30px !important;}&#8221;][vc_column_text css=&#8221;.vc_custom_1635323359277{margin-bottom: 20px !important;}&#8221;]Svjesni smo da je u dana\u0161nje vrijeme te\u0161ko dobiti kvalitetu po povoljnijoj cijeni, ali je tu na\u0161a [&hellip;]<\/p>\n","protected":false},"author":1,"featured_media":0,"parent":0,"menu_order":0,"comment_status":"open","ping_status":"closed","template":"","meta":{"footnotes":""},"class_list":["post-1376","page","type-page","status-publish","hentry"],"yoast_head":"<!-- This site is optimized with the Yoast SEO plugin v17.4 - https:\/\/yoast.com\/wordpress\/plugins\/seo\/ -->\n<title>O nama - TIM-AS<\/title>\n<meta name=\"robots\" content=\"index, follow, max-snippet:-1, max-image-preview:large, max-video-preview:-1\" \/>\n<link rel=\"canonical\" href=\"https:\/\/tim-as.ba\/index.php\/o-nama\/\" \/>\n<meta property=\"og:locale\" content=\"bs_BA\" \/>\n<meta property=\"og:type\" content=\"article\" \/>\n<meta property=\"og:title\" content=\"O nama - TIM-AS\" \/>\n<meta property=\"og:description\" content=\"[vc_row full_width=&#8221;stretch_row&#8221; parallax=&#8221;content-moving&#8221; parallax_image=&#8221;1379&#8221; el_class=&#8221;about-us-page-title&#8221; css=&#8221;.vc_custom_1439352698718{margin-bottom: 60px !important;padding-top: 200px !important;padding-bottom: 200px !important;}&#8221;][vc_column][vc_custom_heading text=&#8221;Mi nudimo profesionalne usluge&#8221; font_container=&#8221;tag:h2|font_size:60|text_align:center|color:%23ffffff&#8221; css=&#8221;.vc_custom_1635322923965{margin-bottom: 20px !important;}&#8221;][vc_custom_heading text=&#8221;UZ PRIHVATLJIV ODNOS CIJENE I KVALITETA&#8221; font_container=&#8221;tag:p|font_size:18|text_align:center|color:%23ffffff&#8221;][\/vc_column][\/vc_row][vc_row][vc_column width=&#8221;1\/2&#8221;][vc_custom_heading text=&#8221;Tim-AS d.o.o. Sarajevo&#8221; font_container=&#8221;tag:h2|font_size:36|text_align:left|color:%231d2634&#8221; el_class=&#8221;heading-title&#8221; css=&#8221;.vc_custom_1635323571563{margin-bottom: 30px !important;}&#8221;][vc_column_text css=&#8221;.vc_custom_1635323359277{margin-bottom: 20px !important;}&#8221;]Svjesni smo da je u dana\u0161nje vrijeme te\u0161ko dobiti kvalitetu po povoljnijoj cijeni, ali je tu na\u0161a [&hellip;]\" \/>\n<meta property=\"og:url\" content=\"https:\/\/tim-as.ba\/index.php\/o-nama\/\" \/>\n<meta property=\"og:site_name\" content=\"TIM-AS\" \/>\n<meta property=\"article:publisher\" content=\"https:\/\/www.facebook.com\/TimAsSarajevo\" \/>\n<meta property=\"article:modified_time\" content=\"2021-10-30T21:40:33+00:00\" \/>\n<meta property=\"og:image\" content=\"https:\/\/tim-as.ba\/wp-content\/uploads\/2021\/10\/Plana-i-projekat.jpg\" \/>\n<meta name=\"twitter:card\" content=\"summary_large_image\" \/>\n<meta name=\"twitter:label1\" content=\"Est. reading time\" \/>\n\t<meta name=\"twitter:data1\" content=\"3 minute\" \/>\n<script type=\"application\/ld+json\" class=\"yoast-schema-graph\">{\"@context\":\"https:\/\/schema.org\",\"@graph\":[{\"@type\":\"Organization\",\"@id\":\"https:\/\/tim-as.ba\/#organization\",\"name\":\"Tim-AS d.o.o. Sarajevo\",\"url\":\"https:\/\/tim-as.ba\/\",\"sameAs\":[\"https:\/\/www.facebook.com\/TimAsSarajevo\",\"https:\/\/www.instagram.com\/timas_sarajevo\/\"],\"logo\":{\"@type\":\"ImageObject\",\"@id\":\"https:\/\/tim-as.ba\/#logo\",\"inLanguage\":\"bs-BA\",\"url\":\"https:\/\/tim-as.ba\/wp-content\/uploads\/2021\/11\/Logo-Tima-AS-crni.png\",\"contentUrl\":\"https:\/\/tim-as.ba\/wp-content\/uploads\/2021\/11\/Logo-Tima-AS-crni.png\",\"width\":1959,\"height\":551,\"caption\":\"Tim-AS d.o.o. Sarajevo\"},\"image\":{\"@id\":\"https:\/\/tim-as.ba\/#logo\"}},{\"@type\":\"WebSite\",\"@id\":\"https:\/\/tim-as.ba\/#website\",\"url\":\"https:\/\/tim-as.ba\/\",\"name\":\"TIM-AS\",\"description\":\"Estrih, ma\\u0161insko malterisanje, ferobeton podovi i epoksnidne smole\",\"publisher\":{\"@id\":\"https:\/\/tim-as.ba\/#organization\"},\"potentialAction\":[{\"@type\":\"SearchAction\",\"target\":{\"@type\":\"EntryPoint\",\"urlTemplate\":\"https:\/\/tim-as.ba\/?s={search_term_string}\"},\"query-input\":\"required name=search_term_string\"}],\"inLanguage\":\"bs-BA\"},{\"@type\":\"ImageObject\",\"@id\":\"https:\/\/tim-as.ba\/index.php\/o-nama\/#primaryimage\",\"inLanguage\":\"bs-BA\",\"url\":\"https:\/\/tim-as.ba\/wp-content\/uploads\/2021\/10\/Plana-i-projekat.jpg\",\"contentUrl\":\"https:\/\/tim-as.ba\/wp-content\/uploads\/2021\/10\/Plana-i-projekat.jpg\",\"width\":570,\"height\":360},{\"@type\":\"WebPage\",\"@id\":\"https:\/\/tim-as.ba\/index.php\/o-nama\/#webpage\",\"url\":\"https:\/\/tim-as.ba\/index.php\/o-nama\/\",\"name\":\"O nama - TIM-AS\",\"isPartOf\":{\"@id\":\"https:\/\/tim-as.ba\/#website\"},\"primaryImageOfPage\":{\"@id\":\"https:\/\/tim-as.ba\/index.php\/o-nama\/#primaryimage\"},\"datePublished\":\"2015-08-12T03:27:57+00:00\",\"dateModified\":\"2021-10-30T21:40:33+00:00\",\"breadcrumb\":{\"@id\":\"https:\/\/tim-as.ba\/index.php\/o-nama\/#breadcrumb\"},\"inLanguage\":\"bs-BA\",\"potentialAction\":[{\"@type\":\"ReadAction\",\"target\":[\"https:\/\/tim-as.ba\/index.php\/o-nama\/\"]}]},{\"@type\":\"BreadcrumbList\",\"@id\":\"https:\/\/tim-as.ba\/index.php\/o-nama\/#breadcrumb\",\"itemListElement\":[{\"@type\":\"ListItem\",\"position\":1,\"name\":\"Home\",\"item\":\"https:\/\/tim-as.ba\/\"},{\"@type\":\"ListItem\",\"position\":2,\"name\":\"O nama\"}]}]}<\/script>\n<!-- \/ Yoast SEO plugin. -->","yoast_head_json":{"title":"O nama - TIM-AS","robots":{"index":"index","follow":"follow","max-snippet":"max-snippet:-1","max-image-preview":"max-image-preview:large","max-video-preview":"max-video-preview:-1"},"canonical":"https:\/\/tim-as.ba\/index.php\/o-nama\/","og_locale":"bs_BA","og_type":"article","og_title":"O nama - TIM-AS","og_description":"[vc_row full_width=&#8221;stretch_row&#8221; parallax=&#8221;content-moving&#8221; parallax_image=&#8221;1379&#8221; el_class=&#8221;about-us-page-title&#8221; css=&#8221;.vc_custom_1439352698718{margin-bottom: 60px !important;padding-top: 200px !important;padding-bottom: 200px !important;}&#8221;][vc_column][vc_custom_heading text=&#8221;Mi nudimo profesionalne usluge&#8221; font_container=&#8221;tag:h2|font_size:60|text_align:center|color:%23ffffff&#8221; css=&#8221;.vc_custom_1635322923965{margin-bottom: 20px !important;}&#8221;][vc_custom_heading text=&#8221;UZ PRIHVATLJIV ODNOS CIJENE I KVALITETA&#8221; font_container=&#8221;tag:p|font_size:18|text_align:center|color:%23ffffff&#8221;][\/vc_column][\/vc_row][vc_row][vc_column width=&#8221;1\/2&#8221;][vc_custom_heading text=&#8221;Tim-AS d.o.o. Sarajevo&#8221; font_container=&#8221;tag:h2|font_size:36|text_align:left|color:%231d2634&#8221; el_class=&#8221;heading-title&#8221; css=&#8221;.vc_custom_1635323571563{margin-bottom: 30px !important;}&#8221;][vc_column_text css=&#8221;.vc_custom_1635323359277{margin-bottom: 20px !important;}&#8221;]Svjesni smo da je u dana\u0161nje vrijeme te\u0161ko dobiti kvalitetu po povoljnijoj cijeni, ali je tu na\u0161a [&hellip;]","og_url":"https:\/\/tim-as.ba\/index.php\/o-nama\/","og_site_name":"TIM-AS","article_publisher":"https:\/\/www.facebook.com\/TimAsSarajevo","article_modified_time":"2021-10-30T21:40:33+00:00","og_image":[{"url":"https:\/\/tim-as.ba\/wp-content\/uploads\/2021\/10\/Plana-i-projekat.jpg"}],"twitter_card":"summary_large_image","twitter_misc":{"Est. reading time":"3 minute"},"schema":{"@context":"https:\/\/schema.org","@graph":[{"@type":"Organization","@id":"https:\/\/tim-as.ba\/#organization","name":"Tim-AS d.o.o. Sarajevo","url":"https:\/\/tim-as.ba\/","sameAs":["https:\/\/www.facebook.com\/TimAsSarajevo","https:\/\/www.instagram.com\/timas_sarajevo\/"],"logo":{"@type":"ImageObject","@id":"https:\/\/tim-as.ba\/#logo","inLanguage":"bs-BA","url":"https:\/\/tim-as.ba\/wp-content\/uploads\/2021\/11\/Logo-Tima-AS-crni.png","contentUrl":"https:\/\/tim-as.ba\/wp-content\/uploads\/2021\/11\/Logo-Tima-AS-crni.png","width":1959,"height":551,"caption":"Tim-AS d.o.o. Sarajevo"},"image":{"@id":"https:\/\/tim-as.ba\/#logo"}},{"@type":"WebSite","@id":"https:\/\/tim-as.ba\/#website","url":"https:\/\/tim-as.ba\/","name":"TIM-AS","description":"Estrih, ma\u0161insko malterisanje, ferobeton podovi i epoksnidne smole","publisher":{"@id":"https:\/\/tim-as.ba\/#organization"},"potentialAction":[{"@type":"SearchAction","target":{"@type":"EntryPoint","urlTemplate":"https:\/\/tim-as.ba\/?s={search_term_string}"},"query-input":"required name=search_term_string"}],"inLanguage":"bs-BA"},{"@type":"ImageObject","@id":"https:\/\/tim-as.ba\/index.php\/o-nama\/#primaryimage","inLanguage":"bs-BA","url":"https:\/\/tim-as.ba\/wp-content\/uploads\/2021\/10\/Plana-i-projekat.jpg","contentUrl":"https:\/\/tim-as.ba\/wp-content\/uploads\/2021\/10\/Plana-i-projekat.jpg","width":570,"height":360},{"@type":"WebPage","@id":"https:\/\/tim-as.ba\/index.php\/o-nama\/#webpage","url":"https:\/\/tim-as.ba\/index.php\/o-nama\/","name":"O nama - TIM-AS","isPartOf":{"@id":"https:\/\/tim-as.ba\/#website"},"primaryImageOfPage":{"@id":"https:\/\/tim-as.ba\/index.php\/o-nama\/#primaryimage"},"datePublished":"2015-08-12T03:27:57+00:00","dateModified":"2021-10-30T21:40:33+00:00","breadcrumb":{"@id":"https:\/\/tim-as.ba\/index.php\/o-nama\/#breadcrumb"},"inLanguage":"bs-BA","potentialAction":[{"@type":"ReadAction","target":["https:\/\/tim-as.ba\/index.php\/o-nama\/"]}]},{"@type":"BreadcrumbList","@id":"https:\/\/tim-as.ba\/index.php\/o-nama\/#breadcrumb","itemListElement":[{"@type":"ListItem","position":1,"name":"Home","item":"https:\/\/tim-as.ba\/"},{"@type":"ListItem","position":2,"name":"O nama"}]}]}},"_links":{"self":[{"href":"https:\/\/tim-as.ba\/index.php\/wp-json\/wp\/v2\/pages\/1376","targetHints":{"allow":["GET"]}}],"collection":[{"href":"https:\/\/tim-as.ba\/index.php\/wp-json\/wp\/v2\/pages"}],"about":[{"href":"https:\/\/tim-as.ba\/index.php\/wp-json\/wp\/v2\/types\/page"}],"author":[{"embeddable":true,"href":"https:\/\/tim-as.ba\/index.php\/wp-json\/wp\/v2\/users\/1"}],"replies":[{"embeddable":true,"href":"https:\/\/tim-as.ba\/index.php\/wp-json\/wp\/v2\/comments?post=1376"}],"version-history":[{"count":25,"href":"https:\/\/tim-as.ba\/index.php\/wp-json\/wp\/v2\/pages\/1376\/revisions"}],"predecessor-version":[{"id":3644,"href":"https:\/\/tim-as.ba\/index.php\/wp-json\/wp\/v2\/pages\/1376\/revisions\/3644"}],"wp:attachment":[{"href":"https:\/\/tim-as.ba\/index.php\/wp-json\/wp\/v2\/media?parent=1376"}],"curies":[{"name":"wp","href":"https:\/\/api.w.org\/{rel}","templated":true}]}}